{"id":232,"date":"2022-09-29T16:01:47","date_gmt":"2022-09-29T16:01:47","guid":{"rendered":"https:\/\/update.wf.com\/flex-loan\/?page_id=232"},"modified":"2025-07-29T18:51:52","modified_gmt":"2025-07-29T18:51:52","slug":"flex-loan-wells-fargo","status":"publish","type":"page","link":"https:\/\/update.wf.com\/flex-loan\/es\/","title":{"rendered":"Flex Loan | Wells Fargo"},"content":{"rendered":"<h1 class=\"h1-flex-loan\">Le damos la bienvenida al Pr\u00e9stamo Flex Loan<\/h1>\n<div class=\"container\">\n<div class=\"row justify-content-center\">\n<div class=\"col-12 col-sm-10 col-md-9 col-lg-8 col-xl-7\">\n<p class=\"subheading-descr textcenter pt-0\">Comprender los detalles sobre el Pr\u00e9stamo Flex Loan es m\u00e1s f\u00e1cil de lo que usted piensa. Encuentre aqu\u00ed las respuestas a las preguntas m\u00e1s frecuentes.<\/p>\n<\/div>\n<\/div>\n<\/div>\n<h2 class=\"h2-flex-loan\">Acerca del Pr\u00e9stamo Flex Loan<\/h2>\n<hr class=\"eyebrow textcenter\">\n<ul class=\"accordion-container\" id=\"accordion-6335c336cdc04\"><li><h3 class=\"accordion-toggle expanded\" type=\"button\" id=\"accordion-content-6335c336cdc04\">\u00bfQu\u00e9 es un Pr\u00e9stamo Flex Loan de Wells&nbsp;Fargo?<\/h3><div aria-labelledby=\"#accordion-content-6335c336cdc04\"><p>El Pr\u00e9stamo Flex Loan de Wells&nbsp;Fargo es un pr\u00e9stamo de un monto peque\u00f1o en d\u00f3lares disponible solo para clientes de Wells&nbsp;Fargo previamente aprobados a trav\u00e9s de su app de Wells&nbsp;Fargo Mobile&reg;.<sup class=\"footnote-tag\" id=\"footnote-6421d53376cec-tag\"><a href=\"#footnote6421d53376cec\"><span class=\"ada\">Footnote <\/span>1<\/a>,<\/sup><sup class=\"footnote-tag\" id=\"footnote-63dacdbb4e05f-tag\"><a href=\"#footnote63dacdbb4e05f\"><span class=\"ada\">Footnote <\/span>2<\/a><\/sup> El Pr\u00e9stamo Flex Loan est\u00e1 disponible en montos de $250 o $500, con un cargo fijo de $12 o $20, respectivamente. Los fondos est\u00e1n disponibles en cuesti\u00f3n de segundos. No se aplican cargos por solicitud, cargos ocultos, cargos por pago atrasado ni cargos por intereses. El Pr\u00e9stamo Flex Loan est\u00e1 limitado a la app de Wells&nbsp;Fargo Mobile&reg; y no est\u00e1 disponible en las sucursales de Wells&nbsp;Fargo ni por tel\u00e9fono.<\/p>\n<\/div><\/li><li><h3 class=\"accordion-toggle\" type=\"button\" id=\"accordion-content-6335c336cdc04\">\u00bfC\u00f3mo reviso una oferta de un Pr\u00e9stamo Flex Loan?<\/h3><div aria-labelledby=\"#accordion-content-6335c336cdc04\"><p>El Pr\u00e9stamo Flex Loan solo se ofrece a consumidores preaprobados en funci\u00f3n de criterios determinados. Para revisar si est\u00e1 preaprobado, <a href=\"https:\/\/connect.secure.wellsfargo.com\/auth\/login\/present?origin=cob&#038;LOB=CONS\">inicie sesi\u00f3n<\/a> en su app de Wells&nbsp;Fargo Mobile&reg;, seleccione Explore en la barra de navegaci\u00f3n inferior y, a continuaci\u00f3n, seleccione Pr\u00e9stamos. <\/p>\n<\/div><\/li><li><h3 class=\"accordion-toggle\" type=\"button\" id=\"accordion-content-6335c336cdc04\">\u00bfCu\u00e1ntos Pr\u00e9stamos Flex Loan puedo tener?<\/h3><div aria-labelledby=\"#accordion-content-6335c336cdc04\"><p>Puede tener abierta solo una cuenta de Pr\u00e9stamo Flex Loan a la vez. Adem\u00e1s, solo podr\u00e1 recibir tres ofertas de Pr\u00e9stamo Flex Loan durante cualquier per\u00edodo de 12 meses. Recibir una oferta de Pr\u00e9stamos Flex Loan no garantiza ofertas adicionales de Pr\u00e9stamos Flex Loan. Cada oferta est\u00e1 sujeta a normas de elegibilidad.<\/p>\n<\/div><\/li><li><h3 class=\"accordion-toggle\" type=\"button\" id=\"accordion-content-6335c336cdc04\">\u00bfUn Pr\u00e9stamo Flex Loan afecta mi puntuaci\u00f3n de cr\u00e9dito?<\/h3><div aria-labelledby=\"#accordion-content-6335c336cdc04\"><p>Su puntuaci\u00f3n de cr\u00e9dito no se ve afectada en el momento de la oferta de Pr\u00e9stamo Flex Loan. Su puntuaci\u00f3n de cr\u00e9dito podr\u00eda verse afectada si usted acepta el pr\u00e9stamo. Adem\u00e1s, es posible que los pagos atrasados, los pagos omitidos u otros incumplimientos en su cuenta se reflejen en su informe de cr\u00e9dito.<\/p>\n<\/div><\/li><li><h3 class=\"accordion-toggle\" type=\"button\" id=\"accordion-content-6335c336cdc04\">\u00bfC\u00f3mo puedo ver el saldo de mi Pr\u00e9stamo Flex Loan?<\/h3><div aria-labelledby=\"#accordion-content-6335c336cdc04\"><p>Puede ver el saldo de su Pr\u00e9stamo Flex Loan y los detalles de pago al <a href=\"https:\/\/connect.secure.wellsfargo.com\/auth\/login\/present?origin=cob&#038;LOB=CONS\">iniciar sesi\u00f3n<\/a> en su app de Wells&nbsp;Fargo Mobile&reg; o en su cuenta de la banca por Internet Wells&nbsp;Fargo Online&reg; y seleccionar su Pr\u00e9stamo Flex Loan en el <strong>Resumen de cuentas<\/strong>.<\/p>\n<\/div><\/li><li><h3 class=\"accordion-toggle\" type=\"button\" id=\"accordion-content-6335c336cdc04\">\u00bfD\u00f3nde puedo acceder a mi Contrato de Pr\u00e9stamo Flex Loan?<\/h3><div aria-labelledby=\"#accordion-content-6335c336cdc04\"><p>Usted puede acceder a su Contrato de Pr\u00e9stamo Flex Loan al <a href=\"https:\/\/connect.secure.wellsfargo.com\/auth\/login\/present?origin=cob&#038;LOB=CONS\">iniciar sesi\u00f3n<\/a> en su app de Wells&nbsp;Fargo Mobile&reg; o en su cuenta de la banca por Internet Wells&nbsp;Fargo Online&reg; y seleccionar su Pr\u00e9stamo Flex Loan en el <strong>Resumen de cuentas<\/strong> y, a continuaci\u00f3n, seleccionar <strong>Administre la cuenta<\/strong>.<\/p>\n<\/div><\/li><\/ul>\n<h2 class=\"h2-flex-loan\">Pagos y cargos<\/h2>\n<hr class=\"eyebrow\">\n<ul class=\"accordion-container\" id=\"accordion-6335c336cf24d\"><li><h3 class=\"accordion-toggle expanded\" type=\"button\" id=\"accordion-content-6335c336cf24d\">\u00bfRecibir\u00e9 alertas de recordatorio de pago para mi cuenta de Pr\u00e9stamo Flex Loan?<\/h3><div aria-labelledby=\"#accordion-content-6335c336cf24d\"><p>Por lo general, al vencer un pago o programar un pago autom\u00e1tico, se env\u00eda una alerta de recordatorio de pago con 5 d\u00edas calendario de antelaci\u00f3n. Enviaremos alertas a su direcci\u00f3n de correo electr\u00f3nico o dispositivo m\u00f3vil y tambi\u00e9n al <a href=\"https:\/\/connect.secure.wellsfargo.com\/auth\/login\/present?origin=cob&#038;loginMode=jukePassword&#038;serviceType=myMessageCenter&#038;LOB=CONS\"><strong>Centro de mensajes<\/strong><\/a> de la banca por Internet Wells&nbsp;Fargo Online.<\/p>\n<p>Le recomendamos revisar peri\u00f3dicamente el Centro de mensajes para asegurarse de que est\u00e1 recibiendo todos los mensajes y alertas de Wells&nbsp;Fargo.<\/p>\n<\/div><\/li><li><h3 class=\"accordion-toggle\" type=\"button\" id=\"accordion-content-6335c336cf24d\">\u00bfC\u00f3mo puedo hacer los pagos de mi pr\u00e9stamo?<\/h3><div aria-labelledby=\"#accordion-content-6335c336cf24d\"><p>Los pagos deben realizarse por Internet. Existen dos maneras de realizar un pago:<\/p>\n<p><strong>Pagos autom\u00e1ticos<\/strong><sup class=\"footnote-tag\" id=\"footnote-63dacdbb50db5-tag\"><a href=\"#footnote63dacdbb50db5\"><span class=\"ada\">Footnote <\/span>3<\/a><\/sup>: Usted desea tener la seguridad de que el pago de su Pr\u00e9stamo Flex Loan se procese autom\u00e1ticamente en la fecha de vencimiento. Puede establecer pagos recurrentes si <a href=\"https:\/\/connect.secure.wellsfargo.com\/auth\/login\/present?origin=cob&#038;LOB=CONS\">inicia sesi\u00f3n<\/a> en su app de Wells&nbsp;Fargo Mobile&reg; o su cuenta de la banca por Internet Wells&nbsp;Fargo Online&reg;.<\/p>\n<p><strong>Transferencia por Internet<\/strong>: Puede realizar un pago por \u00fanica vez, el mismo d\u00eda o programar un pago futuro para su cuenta de Pr\u00e9stamo Flex Loan al <a href=\"https:\/\/connect.secure.wellsfargo.com\/auth\/login\/present?origin=cob&#038;LOB=CONS\">iniciar sesi\u00f3n<\/a> en su app de Wells&nbsp;Fargo Mobile&reg; o en su cuenta de la banca por Internet Wells&nbsp;Fargo Online&reg;.<\/p>\n<\/div><\/li><li><h3 class=\"accordion-toggle\" type=\"button\" id=\"accordion-content-6335c336cf24d\">\u00bfSe aplican cargos de emisi\u00f3n?<\/h3><div aria-labelledby=\"#accordion-content-6335c336cf24d\"><p>Se aplica un cargo para emitir un Pr\u00e9stamo Flex Loan seg\u00fan el monto del pr\u00e9stamo.<sup class=\"footnote-tag\" id=\"footnote-63dacdbb53b62-tag\"><a href=\"#footnote63dacdbb53b62\"><span class=\"ada\">Footnote <\/span>4<\/a><\/sup><\/p>\n<\/div><\/li><li><h3 class=\"accordion-toggle\" type=\"button\" id=\"accordion-content-6335c336cf24d\">\u00bfSe aplican cargos por pago atrasado o cargos por inter\u00e9s?<\/h3><div aria-labelledby=\"#accordion-content-6335c336cf24d\"><p>No hay cargos por pago atrasado ni cargos por inter\u00e9s asociados con un Pr\u00e9stamo Flex Loan.<\/p>\n<\/div><\/li><li><h3 class=\"accordion-toggle\" type=\"button\" id=\"accordion-content-6335c336cf24d\">\u00bfC\u00f3mo se calcula mi pago mensual?<\/h3><div aria-labelledby=\"#accordion-content-6335c336cf24d\"><p>El pago mensual de su Pr\u00e9stamo Flex Loan se determina sumando el monto del pr\u00e9stamo y el cargo asociado y dividi\u00e9ndolo en cuatro cuotas mensuales iguales.<sup class=\"footnote-tag\" id=\"footnote-63dacdbb53b62-tag\"><a href=\"#footnote63dacdbb53b62\"><span class=\"ada\">Footnote <\/span>4<\/a><\/sup><\/p>\n<\/div><\/li><li><h3 class=\"accordion-toggle\" type=\"button\" id=\"accordion-content-6335c336cf24d\">\u00bfCon qu\u00e9 frecuencia vencen los pagos?<\/h3><div aria-labelledby=\"#accordion-content-6335c336cf24d\"><p>Los pagos de los Pr\u00e9stamos Flex Loan se deben realizar en cuatro cuotas mensuales.<sup class=\"footnote-tag\" id=\"footnote-63dacdbb53b62-tag\"><a href=\"#footnote63dacdbb53b62\"><span class=\"ada\">Footnote <\/span>4<\/a><\/sup><\/p>\n<\/div><\/li><li><h3 class=\"accordion-toggle\" type=\"button\" id=\"accordion-content-6335c336cf24d\">\u00bfPuedo cambiar la fecha de vencimiento del pago de mi Pr\u00e9stamo Flex Loan?<\/h3><div aria-labelledby=\"#accordion-content-6335c336cf24d\"><p>No, no puede cambiar la fecha de vencimiento de su pago para un Pr\u00e9stamo Flex Loan.<\/p>\n<\/div><\/li><li><h3 class=\"accordion-toggle\" type=\"button\" id=\"accordion-content-6335c336cf24d\">\u00bfPuedo pagar m\u00e1s que el monto mensual adeudado?<\/h3><div aria-labelledby=\"#accordion-content-6335c336cf24d\"><p>Puede realizar pagos de varias cuotas. Si paga m\u00e1s que el monto regular adeudado, los fondos excedentes se aplicar\u00e1n a pagos futuros. Esto podr\u00eda extender la pr\u00f3xima fecha de vencimiento de su pago y reducir el saldo final de su pr\u00e9stamo.<\/p>\n<\/div><\/li><li><h3 class=\"accordion-toggle\" type=\"button\" id=\"accordion-content-6335c336cf24d\">\u00bfPuedo liquidar mi Pr\u00e9stamo Flex Loan de forma anticipada?<\/h3><div aria-labelledby=\"#accordion-content-6335c336cf24d\"><p>Usted puede liquidar su saldo total pendiente de su Pr\u00e9stamo Flex Loan en cualquier momento. No se aplican penalidades por pago adelantado. El cargo por emisi\u00f3n no se reducir\u00eda si liquida su pr\u00e9stamo de forma anticipada.<\/p>\n<\/div><\/li><\/ul>\n<h2 class=\"h2-flex-loan\">Otros recursos<\/h2>\n<hr class=\"eyebrow\">\n<ul class=\"accordion-container\" id=\"accordion-6335c3832f861\"><li><h3 class=\"accordion-toggle expanded\" type=\"button\" id=\"accordion-content-6335c3832f861\">\u00bfC\u00f3mo solicito asistencia por el tiempo que permanec\u00ed en las Fuerzas Armadas?<\/h3><div aria-labelledby=\"#accordion-content-6335c3832f861\"><p>Los miembros de las Fuerzas Armadas en servicio militar activo y sus familias podr\u00edan calificar para recibir beneficios especiales para militares. Comun\u00edquese con Wells&nbsp;Fargo Military Banking (Banca para Militares de Wells&nbsp;Fargo) llamando al 1-855-USA-2WFB (<a href=\"tel:+18558722932\"><strong>1-855-872-2932<\/strong><\/a>), de lunes a viernes, de 7:00 a.m. a 8:00 p.m., hora central.<\/p>\n<p><strong>Recursos adicionales<\/strong><br \/>\nPara obtener m\u00e1s informaci\u00f3n sobre el compromiso de Wells&nbsp;Fargo con los miembros de las Fuerzas Armadas, visite <a href=\"https:\/\/www.wellsfargo.com\/military\/veterans\/\" lang=\"en\">Military Banking<\/a> (Banca para Militares) en wellsfargo.com (en ingl\u00e9s).<\/p>\n<\/div><\/li><li><h3 class=\"accordion-toggle\" type=\"button\" id=\"accordion-content-6335c3832f861\">\u00bfQu\u00e9 debo hacer para reportar una sospecha de fraude?<\/h3><div aria-labelledby=\"#accordion-content-6335c3832f861\"><p>Encontrar\u00e1 los n\u00fameros de tel\u00e9fono para reportar fraudes en <a href=\"https:\/\/www.wellsfargo.com\/es\/privacy-security\/fraud\/report\/\">C\u00f3mo reportar un fraude<\/a>.<\/p>\n<\/div><\/li><li><h3 class=\"accordion-toggle\" type=\"button\" id=\"accordion-content-6335c3832f861\">A\u00fan tengo preguntas. \u00bfCon qui\u00e9n deber\u00eda comunicarme?<\/h3><div aria-labelledby=\"#accordion-content-6335c3832f861\"><p>Puede llamarnos al n\u00famero a continuaci\u00f3n si tiene alguna pregunta sobre su Pr\u00e9stamo Flex Loan.<\/p>\n<p>Pr\u00e9stamos personales y l\u00edneas de cr\u00e9dito:<br \/>\n<a href=\"tel:+18772696056\"><strong>1-877-269-6056<\/strong><\/a>, de lunes a viernes, de 7:00 a.m. a 7:00 p.m., hora central<\/p>\n<\/div><\/li><\/ul>\n","protected":false},"excerpt":{"rendered":"<p>Le damos la bienvenida al Pr\u00e9stamo Flex Loan Comprender los detalles sobre el Pr\u00e9stamo Flex Loan es m\u00e1s f\u00e1cil de lo que usted piensa. Encuentre aqu\u00ed las respuestas a las preguntas m\u00e1s frecuentes. Acerca del Pr\u00e9stamo Flex Loan Pagos y cargos Otros recursos<\/p>\n","protected":false},"author":3,"featured_media":0,"parent":0,"menu_order":0,"comment_status":"closed","ping_status":"closed","template":"page-templates\/front-page.php","meta":{"_acf_changed":false,"footnotes":"4"},"class_list":["post-232","page","type-page","status-publish","hentry"],"acf":[],"_links":{"self":[{"href":"https:\/\/update.wf.com\/flex-loan\/es\/wp-json\/wp\/v2\/pages\/232","targetHints":{"allow":["GET"]}}],"collection":[{"href":"https:\/\/update.wf.com\/flex-loan\/es\/wp-json\/wp\/v2\/pages"}],"about":[{"href":"https:\/\/update.wf.com\/flex-loan\/es\/wp-json\/wp\/v2\/types\/page"}],"author":[{"embeddable":true,"href":"https:\/\/update.wf.com\/flex-loan\/es\/wp-json\/wp\/v2\/users\/3"}],"replies":[{"embeddable":true,"href":"https:\/\/update.wf.com\/flex-loan\/es\/wp-json\/wp\/v2\/comments?post=232"}],"version-history":[{"count":0,"href":"https:\/\/update.wf.com\/flex-loan\/es\/wp-json\/wp\/v2\/pages\/232\/revisions"}],"wp:attachment":[{"href":"https:\/\/update.wf.com\/flex-loan\/es\/wp-json\/wp\/v2\/media?parent=232"}],"curies":[{"name":"wp","href":"https:\/\/api.w.org\/{rel}","templated":true}]}}